{"id":4082,"date":"2022-01-13T16:13:34","date_gmt":"2022-01-13T15:13:34","guid":{"rendered":"http:\/\/www.kamemivillage.com\/riserva-naturale-foce-del-fiume-platani\/"},"modified":"2022-02-10T15:14:15","modified_gmt":"2022-02-10T14:14:15","slug":"riserva-naturale-foce-del-fiume-platani","status":"publish","type":"page","link":"https:\/\/www.kamemivillage.com\/nl\/riserva-naturale-foce-del-fiume-platani\/","title":{"rendered":"Riserva Naturale Foce del Fiume Platani"},"content":{"rendered":"<p><div class=\"fusion-fullwidth fullwidth-box fusion-builder-row-1 fusion-flex-container hundred-percent-fullwidth non-hundred-percent-height-scrolling\" style=\"--link_hover_color: var(--awb-color5);--awb-border-radius-top-left:0px;--awb-border-radius-top-right:0px;--awb-border-radius-bottom-right:0px;--awb-border-radius-bottom-left:0px;--awb-margin-top:0px;--awb-margin-bottom:0px;--awb-background-color:#f3f3f3;--awb-flex-wrap:wrap;\" ><div class=\"fusion-builder-row fusion-row fusion-flex-align-items-center fusion-flex-content-wrap\" style=\"width:104% !important;max-width:104% !important;margin-left: calc(-4% \/ 2 );margin-right: calc(-4% \/ 2 );\"><div class=\"fusion-layout-column fusion_builder_column fusion-builder-column-0 fusion_builder_column_1_1 1_1 fusion-flex-column\" style=\"--awb-bg-size:cover;--awb-width-large:100%;--awb-margin-top-large:0px;--awb-spacing-right-large:1.92%;--awb-margin-bottom-large:20px;--awb-spacing-left-large:1.92%;--awb-width-medium:100%;--awb-order-medium:0;--awb-spacing-right-medium:1.92%;--awb-spacing-left-medium:1.92%;--awb-width-small:100%;--awb-order-small:0;--awb-spacing-right-small:1.92%;--awb-spacing-left-small:1.92%;\"><div class=\"fusion-column-wrapper fusion-column-has-shadow fusion-flex-justify-content-flex-start fusion-content-layout-column\"><div class=\"fusion-separator fusion-full-width-sep\" style=\"align-self: center;margin-left: auto;margin-right: auto;margin-top:30px;width:100%;\"><\/div><div class=\"fusion-title title fusion-title-1 fusion-title-center fusion-title-text fusion-title-size-one\" style=\"--awb-margin-bottom:0px;\"><div class=\"title-sep-container title-sep-container-left\"><div class=\"title-sep sep- sep-solid\" style=\"border-color:#e0dede;\"><\/div><\/div><span class=\"awb-title-spacer\"><\/span><h1 class=\"fusion-title-heading title-heading-center fusion-responsive-typography-calculated\" style=\"margin:0;--fontSize:40;line-height:1.2;\">Riserva Naturale Foce del Fiume Platani<\/h1><span class=\"awb-title-spacer\"><\/span><div class=\"title-sep-container title-sep-container-right\"><div class=\"title-sep sep- sep-solid\" style=\"border-color:#e0dede;\"><\/div><\/div><\/div><div class=\"fusion-text fusion-text-1\" style=\"--awb-content-alignment:center;--awb-text-transform:none;\"><p><a href=\"https:\/\/www.kamemivillage.com\/nl\/activiteiten\/\">\u2190 Terugkeren naar de vorige pagina<\/a><\/p>\n<\/div><\/div><\/div><\/div><\/div><div class=\"fusion-fullwidth fullwidth-box fusion-builder-row-2 fusion-flex-container fusion-parallax-none attivitadettaglio nonhundred-percent-fullwidth non-hundred-percent-height-scrolling lazyload\" style=\"--awb-background-position:right bottom;--awb-border-radius-top-left:0px;--awb-border-radius-top-right:0px;--awb-border-radius-bottom-right:0px;--awb-border-radius-bottom-left:0px;--awb-background-size:cover;--awb-flex-wrap:wrap;\" data-bg=\"http:\/\/www.kamemivillage.com\/wp-content\/uploads\/2022\/01\/cactus.png\" ><div class=\"fusion-builder-row fusion-row fusion-flex-align-items-flex-start fusion-flex-content-wrap\" style=\"max-width:1216.8px;margin-left: calc(-4% \/ 2 );margin-right: calc(-4% \/ 2 );\"><div class=\"fusion-layout-column fusion_builder_column fusion-builder-column-1 fusion_builder_column_1_1 1_1 fusion-flex-column\" style=\"--awb-bg-size:cover;--awb-width-large:100%;--awb-margin-top-large:0px;--awb-spacing-right-large:1.92%;--awb-margin-bottom-large:20px;--awb-spacing-left-large:1.92%;--awb-width-medium:100%;--awb-order-medium:0;--awb-spacing-right-medium:1.92%;--awb-spacing-left-medium:1.92%;--awb-width-small:100%;--awb-order-small:0;--awb-spacing-right-small:1.92%;--awb-spacing-left-small:1.92%;\"><div class=\"fusion-column-wrapper fusion-column-has-shadow fusion-flex-justify-content-flex-start fusion-content-layout-column\"><div class=\"fusion-separator fusion-full-width-sep\" style=\"align-self: center;margin-left: auto;margin-right: auto;margin-top:30px;width:100%;\"><\/div><\/div><\/div><div class=\"fusion-layout-column fusion_builder_column fusion-builder-column-2 fusion_builder_column_1_2 1_2 fusion-flex-column\" style=\"--awb-bg-size:cover;--awb-width-large:50%;--awb-margin-top-large:0px;--awb-spacing-right-large:3.84%;--awb-margin-bottom-large:20px;--awb-spacing-left-large:3.84%;--awb-width-medium:100%;--awb-order-medium:0;--awb-spacing-right-medium:1.92%;--awb-spacing-left-medium:1.92%;--awb-width-small:100%;--awb-order-small:0;--awb-spacing-right-small:1.92%;--awb-spacing-left-small:1.92%;\"><div class=\"fusion-column-wrapper fusion-column-has-shadow fusion-flex-justify-content-flex-start fusion-content-layout-column\"><div class=\"fusion-image-carousel fusion-image-carousel-auto fusion-image-carousel-1 fusion-carousel-border\"><div class=\"awb-carousel awb-swiper awb-swiper-carousel\" data-autoplay=\"yes\" data-columns=\"1\" data-itemmargin=\"13\" data-itemwidth=\"180\" data-touchscroll=\"no\" data-imagesize=\"auto\" style=\"--awb-columns:1;\"><div class=\"swiper-wrapper awb-image-carousel-wrapper fusion-flex-align-items-center\"><div class=\"swiper-slide\"><div class=\"fusion-carousel-item-wrapper\"><div class=\"fusion-image-wrapper hover-type-none\"><img decoding=\"async\" width=\"750\" height=\"500\" src=\"https:\/\/www.kamemivillage.com\/wp-content\/uploads\/2022\/01\/Riserva-Naturale-Foce-del-fiume-Platani.jpg\" class=\"attachment-full size-full lazyload\" alt=\"\" srcset=\"data:image\/svg+xml,%3Csvg%20xmlns%3D%27http%3A%2F%2Fwww.w3.org%2F2000%2Fsvg%27%20width%3D%27750%27%20height%3D%27500%27%20viewBox%3D%270%200%20750%20500%27%3E%3Crect%20width%3D%27750%27%20height%3D%27500%27%20fill-opacity%3D%220%22%2F%3E%3C%2Fsvg%3E\" data-orig-src=\"https:\/\/www.kamemivillage.com\/wp-content\/uploads\/2022\/01\/Riserva-Naturale-Foce-del-fiume-Platani.jpg\" data-srcset=\"https:\/\/www.kamemivillage.com\/wp-content\/uploads\/2022\/01\/Riserva-Naturale-Foce-del-fiume-Platani-200x133.jpg 200w, https:\/\/www.kamemivillage.com\/wp-content\/uploads\/2022\/01\/Riserva-Naturale-Foce-del-fiume-Platani-300x200.jpg 300w, https:\/\/www.kamemivillage.com\/wp-content\/uploads\/2022\/01\/Riserva-Naturale-Foce-del-fiume-Platani-400x267.jpg 400w, https:\/\/www.kamemivillage.com\/wp-content\/uploads\/2022\/01\/Riserva-Naturale-Foce-del-fiume-Platani-600x400.jpg 600w, https:\/\/www.kamemivillage.com\/wp-content\/uploads\/2022\/01\/Riserva-Naturale-Foce-del-fiume-Platani.jpg 750w\" data-sizes=\"auto\" \/><\/div><\/div><\/div><\/div><div class=\"awb-swiper-button awb-swiper-button-prev\"><i class=\"awb-icon-angle-left\" aria-hidden=\"true\"><\/i><\/div><div class=\"awb-swiper-button awb-swiper-button-next\"><i class=\"awb-icon-angle-right\" aria-hidden=\"true\"><\/i><\/div><\/div><\/div><div class=\"fusion-builder-row fusion-builder-row-inner fusion-row fusion-flex-align-items-flex-start fusion-flex-content-wrap\" style=\"width:104% !important;max-width:104% !important;margin-left: calc(-4% \/ 2 );margin-right: calc(-4% \/ 2 );\"><div class=\"fusion-layout-column fusion_builder_column_inner fusion-builder-nested-column-0 fusion_builder_column_inner_1_1 1_1 fusion-flex-column\" style=\"--awb-bg-size:cover;--awb-width-large:100%;--awb-margin-top-large:0px;--awb-spacing-right-large:1.92%;--awb-margin-bottom-large:20px;--awb-spacing-left-large:1.92%;--awb-width-medium:100%;--awb-order-medium:0;--awb-spacing-right-medium:1.92%;--awb-spacing-left-medium:1.92%;--awb-width-small:100%;--awb-order-small:0;--awb-spacing-right-small:1.92%;--awb-spacing-left-small:1.92%;\"><div class=\"fusion-column-wrapper fusion-column-has-shadow fusion-flex-justify-content-flex-start fusion-content-layout-column\"><div class=\"fusion-title title fusion-title-2 fusion-title-text fusion-title-size-two\" style=\"--awb-text-color:var(--awb-color3);--awb-font-size:1.3rem;\"><div class=\"title-sep-container title-sep-container-left fusion-no-large-visibility fusion-no-medium-visibility fusion-no-small-visibility\"><div class=\"title-sep sep- sep-solid\" style=\"border-color:#e0dede;\"><\/div><\/div><span class=\"awb-title-spacer fusion-no-large-visibility fusion-no-medium-visibility fusion-no-small-visibility\"><\/span><h2 class=\"fusion-title-heading title-heading-left fusion-responsive-typography-calculated\" style=\"font-family:&quot;Ubuntu&quot;;font-style:normal;font-weight:400;margin:0;font-size:1em;text-transform:uppercase;--fontSize:23.4;--minFontSize:23.4;line-height:1.6;\">Delen op:<\/h2><span class=\"awb-title-spacer\"><\/span><div class=\"title-sep-container title-sep-container-right\"><div class=\"title-sep sep- sep-solid\" style=\"border-color:#e0dede;\"><\/div><\/div><\/div><div class=\"fusion-social-links fusion-social-links-1\" style=\"--awb-margin-top:0px;--awb-margin-right:0px;--awb-margin-bottom:0px;--awb-margin-left:0px;--awb-box-border-top:3px;--awb-box-border-right:3px;--awb-box-border-bottom:3px;--awb-box-border-left:3px;--awb-icon-colors-hover:#ffffff;--awb-box-colors-hover:#ff5252;--awb-box-border-color:#ff5252;--awb-box-border-color-hover:#ff5252;\"><div class=\"fusion-social-networks boxed-icons color-type-custom\"><div class=\"fusion-social-networks-wrapper\"><a class=\"fusion-social-network-icon fusion-tooltip fusion-facebook fa-facebook-f fab\" style=\"color:#ff5252;font-size:20px;width:20px;background-color:#ffffff;border-color:#ffffff;border-radius:50px;\" data-placement=\"top\" data-title=\"Facebook\" data-toggle=\"tooltip\" title=\"Facebook\" aria-label=\"facebook\" target=\"_blank\" rel=\"noopener noreferrer\" href=\"https:\/\/www.facebook.com\/KAMEMI-VILLAGE-E-CAMPING-307312320818\"><\/a><a class=\"fusion-social-network-icon fusion-tooltip fusion-instagram fa-instagram-square fab\" style=\"color:#ff5252;font-size:20px;width:20px;background-color:#ffffff;border-color:#ffffff;border-radius:50px;\" data-placement=\"top\" data-title=\"Instagram\" data-toggle=\"tooltip\" title=\"Instagram\" aria-label=\"instagram\" target=\"_blank\" rel=\"noopener noreferrer\" href=\"https:\/\/www.instagram.com\/kamemivillage\/\"><\/a><\/div><\/div><\/div><\/div><\/div><\/div>\n<\/div><\/div><div class=\"fusion-layout-column fusion_builder_column fusion-builder-column-3 fusion_builder_column_1_2 1_2 fusion-flex-column\" style=\"--awb-bg-position:right bottom;--awb-bg-size:cover;--awb-width-large:50%;--awb-margin-top-large:0px;--awb-spacing-right-large:3.84%;--awb-margin-bottom-large:20px;--awb-spacing-left-large:3.84%;--awb-width-medium:100%;--awb-order-medium:0;--awb-spacing-right-medium:1.92%;--awb-spacing-left-medium:1.92%;--awb-width-small:100%;--awb-order-small:0;--awb-spacing-right-small:1.92%;--awb-spacing-left-small:1.92%;\"><div class=\"fusion-column-wrapper fusion-column-has-shadow fusion-flex-justify-content-flex-start fusion-content-layout-column\"><div class=\"fusion-text fusion-text-2\" style=\"--awb-text-transform:none;\"><p>Het natuurgebied Foce del Fiume Platani (Oever van de Platani rivier) bevindt zich in de provincie Agrigento op 6 km afstand van Camping Village Kamemi. De Platani is \u00e9\u00e9n van de belangrijkste rivieren van Sicili\u00eb en mondt uit in zee bij Capo Bianco. Door de aanwezigheid van de steile witte kalmergel rotsen vormt het een fascinerende natuurlijke oase. Op het hoogste punt is de stad Eraclea Minoa verrezen, nu het archeologisch park.<\/p>\n<p>Het gebied wordt gekenmerkt door zijn kleurrijkheid: het levendige groen van de mediterraanse planten, het heldere blauw van de zee, het hemelsblauw van de lucht, en het wit van de rotsen. In deze betoverende mengeling van kleuren kunt u tijdens een wandeling in de natuur zomaar een zeeschildpad tegenkomen die haar eieren legt, of een slechtvalk, of andere trekvogels zoals kluten. Dit gebied is dan ook de ideale plek voor vogelliefhebbers.<\/p>\n<p>Sinds 1984 is dit een beschermd natuurgebied dat wordt beheerd door het &#8220;Dipartimento Regionale Azienda Foreste Demaniali&#8221;.<\/p>\n<\/div><\/div><\/div><\/div><\/div><\/p>\n","protected":false},"excerpt":{"rendered":"","protected":false},"author":1,"featured_media":0,"parent":0,"menu_order":0,"comment_status":"closed","ping_status":"closed","template":"100-width.php","meta":{"footnotes":""},"acf":[],"yoast_head":"<!-- This site is optimized with the Yoast SEO plugin v21.8.1 - https:\/\/yoast.com\/wordpress\/plugins\/seo\/ -->\n<title>Riserva Naturale Foce del Fiume Platani - Kamemi Camping Village<\/title>\n<meta name=\"description\" content=\"Natuurreservaat van de riviermonding van Platani: beleef een vakantie en ontdek betoverende plaatsen met een rijke geschiedenis en smaken. Meer te weten komen.\" \/>\n<meta name=\"robots\" content=\"index, follow, max-snippet:-1, max-image-preview:large, max-video-preview:-1\" \/>\n<link rel=\"canonical\" href=\"https:\/\/www.kamemivillage.com\/nl\/riserva-naturale-foce-del-fiume-platani\/\" \/>\n<meta property=\"og:locale\" content=\"nl_NL\" \/>\n<meta property=\"og:type\" content=\"article\" \/>\n<meta property=\"og:title\" content=\"Riserva Naturale Foce del Fiume Platani - Kamemi Camping Village\" \/>\n<meta property=\"og:description\" content=\"Natuurreservaat van de riviermonding van Platani: beleef een vakantie en ontdek betoverende plaatsen met een rijke geschiedenis en smaken. Meer te weten komen.\" \/>\n<meta property=\"og:url\" content=\"https:\/\/www.kamemivillage.com\/nl\/riserva-naturale-foce-del-fiume-platani\/\" \/>\n<meta property=\"og:site_name\" content=\"Kamemi Village\" \/>\n<meta property=\"article:modified_time\" content=\"2022-02-10T14:14:15+00:00\" \/>\n<meta property=\"og:image\" content=\"https:\/\/www.kamemivillage.com\/wp-content\/uploads\/2022\/01\/Riserva-Naturale-Foce-del-fiume-Platani.jpg\" \/>\n\t<meta property=\"og:image:width\" content=\"750\" \/>\n\t<meta property=\"og:image:height\" content=\"500\" \/>\n\t<meta property=\"og:image:type\" content=\"image\/jpeg\" \/>\n<meta name=\"twitter:card\" content=\"summary_large_image\" \/>\n<meta name=\"twitter:title\" content=\"Riserva Naturale Foce del Fiume Platani - Kamemi Camping Village\" \/>\n<meta name=\"twitter:description\" content=\"Natuurreservaat van de riviermonding van Platani: beleef een vakantie en ontdek betoverende plaatsen met een rijke geschiedenis en smaken. Meer te weten komen.\" \/>\n<meta name=\"twitter:image\" content=\"https:\/\/www.kamemivillage.com\/wp-content\/uploads\/2022\/01\/Riserva-Naturale-Foce-del-fiume-Platani.jpg\" \/>\n<meta name=\"twitter:label1\" content=\"Geschatte leestijd\" \/>\n\t<meta name=\"twitter:data1\" content=\"12 minuten\" \/>\n<script type=\"application\/ld+json\" class=\"yoast-schema-graph\">{\"@context\":\"https:\/\/schema.org\",\"@graph\":[{\"@type\":\"WebPage\",\"@id\":\"https:\/\/www.kamemivillage.com\/nl\/riserva-naturale-foce-del-fiume-platani\/\",\"url\":\"https:\/\/www.kamemivillage.com\/nl\/riserva-naturale-foce-del-fiume-platani\/\",\"name\":\"Riserva Naturale Foce del Fiume Platani - Kamemi Camping Village\",\"isPartOf\":{\"@id\":\"https:\/\/www.kamemivillage.com\/#website\"},\"datePublished\":\"2022-01-13T15:13:34+00:00\",\"dateModified\":\"2022-02-10T14:14:15+00:00\",\"description\":\"Natuurreservaat van de riviermonding van Platani: beleef een vakantie en ontdek betoverende plaatsen met een rijke geschiedenis en smaken. Meer te weten komen.\",\"breadcrumb\":{\"@id\":\"https:\/\/www.kamemivillage.com\/nl\/riserva-naturale-foce-del-fiume-platani\/#breadcrumb\"},\"inLanguage\":\"nl-NL\",\"potentialAction\":[{\"@type\":\"ReadAction\",\"target\":[\"https:\/\/www.kamemivillage.com\/nl\/riserva-naturale-foce-del-fiume-platani\/\"]}]},{\"@type\":\"BreadcrumbList\",\"@id\":\"https:\/\/www.kamemivillage.com\/nl\/riserva-naturale-foce-del-fiume-platani\/#breadcrumb\",\"itemListElement\":[{\"@type\":\"ListItem\",\"position\":1,\"name\":\"Home\",\"item\":\"https:\/\/www.kamemivillage.com\/nl\/\"},{\"@type\":\"ListItem\",\"position\":2,\"name\":\"Riserva Naturale Foce del Fiume Platani\"}]},{\"@type\":\"WebSite\",\"@id\":\"https:\/\/www.kamemivillage.com\/#website\",\"url\":\"https:\/\/www.kamemivillage.com\/\",\"name\":\"Kamemi Village\",\"description\":\"\",\"potentialAction\":[{\"@type\":\"SearchAction\",\"target\":{\"@type\":\"EntryPoint\",\"urlTemplate\":\"https:\/\/www.kamemivillage.com\/?s={search_term_string}\"},\"query-input\":\"required name=search_term_string\"}],\"inLanguage\":\"nl-NL\"}]}<\/script>\n<!-- \/ Yoast SEO plugin. -->","yoast_head_json":{"title":"Riserva Naturale Foce del Fiume Platani - Kamemi Camping Village","description":"Natuurreservaat van de riviermonding van Platani: beleef een vakantie en ontdek betoverende plaatsen met een rijke geschiedenis en smaken. Meer te weten komen.","robots":{"index":"index","follow":"follow","max-snippet":"max-snippet:-1","max-image-preview":"max-image-preview:large","max-video-preview":"max-video-preview:-1"},"canonical":"https:\/\/www.kamemivillage.com\/nl\/riserva-naturale-foce-del-fiume-platani\/","og_locale":"nl_NL","og_type":"article","og_title":"Riserva Naturale Foce del Fiume Platani - Kamemi Camping Village","og_description":"Natuurreservaat van de riviermonding van Platani: beleef een vakantie en ontdek betoverende plaatsen met een rijke geschiedenis en smaken. Meer te weten komen.","og_url":"https:\/\/www.kamemivillage.com\/nl\/riserva-naturale-foce-del-fiume-platani\/","og_site_name":"Kamemi Village","article_modified_time":"2022-02-10T14:14:15+00:00","og_image":[{"width":750,"height":500,"url":"https:\/\/www.kamemivillage.com\/wp-content\/uploads\/2022\/01\/Riserva-Naturale-Foce-del-fiume-Platani.jpg","type":"image\/jpeg"}],"twitter_card":"summary_large_image","twitter_title":"Riserva Naturale Foce del Fiume Platani - Kamemi Camping Village","twitter_description":"Natuurreservaat van de riviermonding van Platani: beleef een vakantie en ontdek betoverende plaatsen met een rijke geschiedenis en smaken. Meer te weten komen.","twitter_image":"https:\/\/www.kamemivillage.com\/wp-content\/uploads\/2022\/01\/Riserva-Naturale-Foce-del-fiume-Platani.jpg","twitter_misc":{"Geschatte leestijd":"12 minuten"},"schema":{"@context":"https:\/\/schema.org","@graph":[{"@type":"WebPage","@id":"https:\/\/www.kamemivillage.com\/nl\/riserva-naturale-foce-del-fiume-platani\/","url":"https:\/\/www.kamemivillage.com\/nl\/riserva-naturale-foce-del-fiume-platani\/","name":"Riserva Naturale Foce del Fiume Platani - Kamemi Camping Village","isPartOf":{"@id":"https:\/\/www.kamemivillage.com\/#website"},"datePublished":"2022-01-13T15:13:34+00:00","dateModified":"2022-02-10T14:14:15+00:00","description":"Natuurreservaat van de riviermonding van Platani: beleef een vakantie en ontdek betoverende plaatsen met een rijke geschiedenis en smaken. Meer te weten komen.","breadcrumb":{"@id":"https:\/\/www.kamemivillage.com\/nl\/riserva-naturale-foce-del-fiume-platani\/#breadcrumb"},"inLanguage":"nl-NL","potentialAction":[{"@type":"ReadAction","target":["https:\/\/www.kamemivillage.com\/nl\/riserva-naturale-foce-del-fiume-platani\/"]}]},{"@type":"BreadcrumbList","@id":"https:\/\/www.kamemivillage.com\/nl\/riserva-naturale-foce-del-fiume-platani\/#breadcrumb","itemListElement":[{"@type":"ListItem","position":1,"name":"Home","item":"https:\/\/www.kamemivillage.com\/nl\/"},{"@type":"ListItem","position":2,"name":"Riserva Naturale Foce del Fiume Platani"}]},{"@type":"WebSite","@id":"https:\/\/www.kamemivillage.com\/#website","url":"https:\/\/www.kamemivillage.com\/","name":"Kamemi Village","description":"","potentialAction":[{"@type":"SearchAction","target":{"@type":"EntryPoint","urlTemplate":"https:\/\/www.kamemivillage.com\/?s={search_term_string}"},"query-input":"required name=search_term_string"}],"inLanguage":"nl-NL"}]}},"_links":{"self":[{"href":"https:\/\/www.kamemivillage.com\/nl\/wp-json\/wp\/v2\/pages\/4082"}],"collection":[{"href":"https:\/\/www.kamemivillage.com\/nl\/wp-json\/wp\/v2\/pages"}],"about":[{"href":"https:\/\/www.kamemivillage.com\/nl\/wp-json\/wp\/v2\/types\/page"}],"author":[{"embeddable":true,"href":"https:\/\/www.kamemivillage.com\/nl\/wp-json\/wp\/v2\/users\/1"}],"replies":[{"embeddable":true,"href":"https:\/\/www.kamemivillage.com\/nl\/wp-json\/wp\/v2\/comments?post=4082"}],"version-history":[{"count":4,"href":"https:\/\/www.kamemivillage.com\/nl\/wp-json\/wp\/v2\/pages\/4082\/revisions"}],"predecessor-version":[{"id":4418,"href":"https:\/\/www.kamemivillage.com\/nl\/wp-json\/wp\/v2\/pages\/4082\/revisions\/4418"}],"wp:attachment":[{"href":"https:\/\/www.kamemivillage.com\/nl\/wp-json\/wp\/v2\/media?parent=4082"}],"curies":[{"name":"wp","href":"https:\/\/api.w.org\/{rel}","templated":true}]}}